{"id":27814,"date":"2016-02-02T16:59:47","date_gmt":"2016-02-02T15:59:47","guid":{"rendered":"https:\/\/luciabeach.com\/ahmdesarrollo\/nyheder\/"},"modified":"2024-09-16T19:43:37","modified_gmt":"2024-09-16T17:43:37","slug":"nyheder","status":"publish","type":"page","link":"https:\/\/luciabeach.com\/da\/nyheder\/","title":{"rendered":"Nyheder"},"content":{"rendered":"\t\t<div data-elementor-type=\"wp-page\" data-elementor-id=\"27814\" class=\"elementor elementor-27814 elementor-16260\" data-elementor-post-type=\"page\">\n\t\t\t\t\t\t<section class=\"elementor-section elementor-top-section elementor-element elementor-element-3dfb0e11 elementor-section-boxed elementor-section-height-default elementor-section-height-default\" data-id=\"3dfb0e11\" data-element_type=\"section\" data-e-type=\"section\" data-settings=\"{&quot;background_background&quot;:&quot;classic&quot;}\">\n\t\t\t\t\t\t<div class=\"elementor-container elementor-column-gap-default\">\n\t\t\t\t\t<div class=\"elementor-column elementor-col-100 elementor-top-column elementor-element elementor-element-2731c115\" data-id=\"2731c115\" data-element_type=\"column\" data-e-type=\"column\">\n\t\t\t<div class=\"elementor-widget-wrap elementor-element-populated\">\n\t\t\t\t\t\t<div class=\"elementor-element elementor-element-195e1015 animated-slow elementor-invisible elementor-widget elementor-widget-heading\" data-id=\"195e1015\" data-element_type=\"widget\" data-e-type=\"widget\" data-settings=\"{&quot;_animation&quot;:&quot;fadeInDown&quot;}\" data-widget_type=\"heading.default\">\n\t\t\t\t<div class=\"elementor-widget-container\">\n\t\t\t\t\t<h2 class=\"elementor-heading-title elementor-size-default\">Nyheder<\/h2>\t\t\t\t<\/div>\n\t\t\t\t<\/div>\n\t\t\t\t\t<\/div>\n\t\t<\/div>\n\t\t\t\t\t<\/div>\n\t\t<\/section>\n\t\t\t\t<section class=\"elementor-section elementor-top-section elementor-element elementor-element-4479ee26 elementor-section-boxed elementor-section-height-default elementor-section-height-default\" data-id=\"4479ee26\" data-element_type=\"section\" data-e-type=\"section\" data-settings=\"{&quot;background_background&quot;:&quot;classic&quot;}\">\n\t\t\t\t\t\t<div class=\"elementor-container elementor-column-gap-default\">\n\t\t\t\t\t<div class=\"elementor-column elementor-col-50 elementor-top-column elementor-element elementor-element-44bc7653\" data-id=\"44bc7653\" data-element_type=\"column\" data-e-type=\"column\">\n\t\t\t<div class=\"elementor-widget-wrap elementor-element-populated\">\n\t\t\t\t\t\t<div class=\"elementor-element elementor-element-676f618 elementor-grid-1 elementor-grid-tablet-2 elementor-grid-mobile-1 elementor-posts--thumbnail-top elementor-card-shadow-yes elementor-posts__hover-gradient elementor-widget elementor-widget-posts\" data-id=\"676f618\" data-element_type=\"widget\" data-e-type=\"widget\" data-settings=\"{&quot;cards_columns&quot;:&quot;1&quot;,&quot;cards_columns_tablet&quot;:&quot;2&quot;,&quot;cards_columns_mobile&quot;:&quot;1&quot;,&quot;cards_row_gap&quot;:{&quot;unit&quot;:&quot;px&quot;,&quot;size&quot;:35,&quot;sizes&quot;:[]},&quot;cards_row_gap_laptop&quot;:{&quot;unit&quot;:&quot;px&quot;,&quot;size&quot;:&quot;&quot;,&quot;sizes&quot;:[]},&quot;cards_row_gap_tablet&quot;:{&quot;unit&quot;:&quot;px&quot;,&quot;size&quot;:&quot;&quot;,&quot;sizes&quot;:[]},&quot;cards_row_gap_mobile&quot;:{&quot;unit&quot;:&quot;px&quot;,&quot;size&quot;:&quot;&quot;,&quot;sizes&quot;:[]}}\" data-widget_type=\"posts.cards\">\n\t\t\t\t<div class=\"elementor-widget-container\">\n\t\t\t\t\t\t\t<div class=\"elementor-posts-container elementor-posts elementor-posts--skin-cards elementor-grid\" role=\"list\">\n\t\t\t\t<article class=\"elementor-post elementor-grid-item post-27840 post type-post status-publish format-standard has-post-thumbnail hentry category-markedet-for-fast-ejendom\" role=\"listitem\">\n\t\t\t<div class=\"elementor-post__card\">\n\t\t\t\t<a class=\"elementor-post__thumbnail__link\" href=\"https:\/\/luciabeach.com\/da\/spaniens-ejendomsmarkedsprognose-for-2023-hvad-kan-man-forvente-i-lucia-beach\/\" tabindex=\"-1\" ><div class=\"elementor-post__thumbnail\"><img fetchpriority=\"high\" decoding=\"async\" width=\"300\" height=\"200\" src=\"https:\/\/luciabeach.com\/wp-content\/uploads\/2023\/04\/mercado-inmobilario-2023-espana-300x200.jpg\" class=\"attachment-medium size-medium wp-image-19690\" alt=\"mercado inmobilario 2023 espa\u00f1a\" srcset=\"https:\/\/luciabeach.com\/wp-content\/uploads\/2023\/04\/mercado-inmobilario-2023-espana-300x200.jpg 300w, https:\/\/luciabeach.com\/wp-content\/uploads\/2023\/04\/mercado-inmobilario-2023-espana-768x512.jpg 768w, https:\/\/luciabeach.com\/wp-content\/uploads\/2023\/04\/mercado-inmobilario-2023-espana-496x330.jpg 496w, https:\/\/luciabeach.com\/wp-content\/uploads\/2023\/04\/mercado-inmobilario-2023-espana-600x400.jpg 600w, https:\/\/luciabeach.com\/wp-content\/uploads\/2023\/04\/mercado-inmobilario-2023-espana.jpg 800w\" sizes=\"(max-width: 300px) 100vw, 300px\" \/><\/div><\/a>\n\t\t\t\t<div class=\"elementor-post__badge\">Markedet for fast ejendom<\/div>\n\t\t\t\t<div class=\"elementor-post__text\">\n\t\t\t\t<h3 class=\"elementor-post__title\">\n\t\t\t<a href=\"https:\/\/luciabeach.com\/da\/spaniens-ejendomsmarkedsprognose-for-2023-hvad-kan-man-forvente-i-lucia-beach\/\" >\n\t\t\t\tSpaniens ejendomsmarkedsprognose for 2023: Hvad kan man forvente i Luc\u00eda Beach?\t\t\t<\/a>\n\t\t<\/h3>\n\t\t\t\t<div class=\"elementor-post__excerpt\">\n\t\t\t<p>Ejendomsmarkedet i Spanien har gennemg\u00e5et store forandringer i de seneste \u00e5r, og 2023 er ingen undtagelse. COVID-19-pandemien har sat sit pr\u00e6g p\u00e5 sektoren, men udsigterne<\/p>\n\t\t<\/div>\n\t\t\n\t\t<a class=\"elementor-post__read-more\" href=\"https:\/\/luciabeach.com\/da\/spaniens-ejendomsmarkedsprognose-for-2023-hvad-kan-man-forvente-i-lucia-beach\/\" aria-label=\"Read more about Spaniens ejendomsmarkedsprognose for 2023: Hvad kan man forvente i Luc\u00eda Beach?\" tabindex=\"-1\" >\n\t\t\tL\u00e6s mere \"\t\t<\/a>\n\n\t\t\t\t<\/div>\n\t\t\t\t<div class=\"elementor-post__meta-data\">\n\t\t\t\t\t<span class=\"elementor-post-date\">\n\t\t\t12. april 2023\t\t<\/span>\n\t\t\t\t<\/div>\n\t\t\t\t\t<\/div>\n\t\t<\/article>\n\t\t\t\t<\/div>\n\t\t\n\t\t\t\t\t\t<\/div>\n\t\t\t\t<\/div>\n\t\t\t\t\t<\/div>\n\t\t<\/div>\n\t\t\t\t<div class=\"elementor-column elementor-col-50 elementor-top-column elementor-element elementor-element-2966c2f\" data-id=\"2966c2f\" data-element_type=\"column\" data-e-type=\"column\">\n\t\t\t<div class=\"elementor-widget-wrap elementor-element-populated\">\n\t\t\t\t\t\t<section class=\"elementor-section elementor-inner-section elementor-element elementor-element-14e47a47 elementor-hidden-desktop elementor-hidden-laptop elementor-hidden-tablet elementor-hidden-mobile elementor-section-boxed elementor-section-height-default elementor-section-height-default\" data-id=\"14e47a47\" data-element_type=\"section\" data-e-type=\"section\" data-settings=\"{&quot;background_background&quot;:&quot;classic&quot;}\">\n\t\t\t\t\t\t<div class=\"elementor-container elementor-column-gap-default\">\n\t\t\t\t\t<div class=\"elementor-column elementor-col-100 elementor-inner-column elementor-element elementor-element-4059865e\" data-id=\"4059865e\" data-element_type=\"column\" data-e-type=\"column\">\n\t\t\t<div class=\"elementor-widget-wrap elementor-element-populated\">\n\t\t\t\t\t\t<div class=\"elementor-element elementor-element-5aa4d864 elementor-widget elementor-widget-heading\" data-id=\"5aa4d864\" data-element_type=\"widget\" data-e-type=\"widget\" data-widget_type=\"heading.default\">\n\t\t\t\t<div class=\"elementor-widget-container\">\n\t\t\t\t\t<h3 class=\"elementor-heading-title elementor-size-default\">Seneste nyheder<\/h3>\t\t\t\t<\/div>\n\t\t\t\t<\/div>\n\t\t\t\t<div class=\"elementor-element elementor-element-69316393 elementor-widget elementor-widget-elementskit-post-list\" data-id=\"69316393\" data-element_type=\"widget\" data-e-type=\"widget\" data-widget_type=\"elementskit-post-list.default\">\n\t\t\t\t<div class=\"elementor-widget-container\">\n\t\t\t\t\t<div class=\"ekit-wid-con\" >\t\t<ul class=\"elementor-icon-list-items ekit-post-list-wrapper \">\n\t\t\t\t\t\t<li class=\"elementor-icon-list-item   \">\n\t\t\t\t<a href=\"https:\/\/luciabeach.com\/sunway-signatures-villas-in-pilar-de-la-horadada-seo\/\" >\n\t\t\t\t\t\t\t\t\t\t<div class=\"ekit_post_list_content_wraper\">\n\t\t\t\t\t\t\t\t\t\t\t\t\t\t\t\t\t\t<div class=\"meta-lists\">\n\t\t\t\t\t\t\t\t\t\t\t\t\t\t<span class=\"meta-date\">\n\n\t\t\t\t\t\t\t\t\n\t\t\t\t\t\t\t\t22 mar 2026\t\t\t\t\t\t\t<\/span>\n\t\t\t\t\t\t\t\n\t\t\t\t\t\t\t\t\t\t\t\t\t<\/div>\n\t\t\t\t\t\t\n\t\t\t\t\t\t<span class=\"elementor-icon-list-text\">SUNWAY SIGNATURES VILLAS IN PILAR DE LA HORADADA.SEO<\/span>\n\n\t\t\t\t\t\t\t\t\t\t\t<\/div>\n\t\t\t\t<\/a>\n\t\t\t<\/li>\n\t\t\t\t\t<li class=\"elementor-icon-list-item   \">\n\t\t\t\t<a href=\"https:\/\/luciabeach.com\/uk\/%d0%bf%d1%80%d0%be%d0%b3%d0%bd%d0%be%d0%b7-%d1%80%d0%b8%d0%bd%d0%ba%d1%83-%d0%bd%d0%b5%d1%80%d1%83%d1%85%d0%be%d0%bc%d0%be%d1%81%d1%82%d1%96-%d1%96%d1%81%d0%bf%d0%b0%d0%bd%d1%96%d1%97-%d0%bd%d0%b0-202\/\" >\n\t\t\t\t\t\t\t\t\t\t<div class=\"ekit_post_list_content_wraper\">\n\t\t\t\t\t\t\t\t\t\t\t\t\t\t\t\t\t\t<div class=\"meta-lists\">\n\t\t\t\t\t\t\t\t\t\t\t\t\t\t<span class=\"meta-date\">\n\n\t\t\t\t\t\t\t\t\n\t\t\t\t\t\t\t\t12 apr 2023\t\t\t\t\t\t\t<\/span>\n\t\t\t\t\t\t\t\n\t\t\t\t\t\t\t\t\t\t\t\t\t<\/div>\n\t\t\t\t\t\t\n\t\t\t\t\t\t<span class=\"elementor-icon-list-text\">\u041f\u0440\u043e\u0433\u043d\u043e\u0437 \u0440\u0438\u043d\u043a\u0443 \u043d\u0435\u0440\u0443\u0445\u043e\u043c\u043e\u0441\u0442\u0456 \u0406\u0441\u043f\u0430\u043d\u0456\u0457 \u043d\u0430 2023 \u0440\u0456\u043a: \u0447\u043e\u0433\u043e \u043e\u0447\u0456\u043a\u0443\u0432\u0430\u0442\u0438 \u043d\u0430 \u043f\u043b\u044f\u0436\u0456 \u041b\u0443\u0441\u0456\u044f?<\/span>\n\n\t\t\t\t\t\t\t\t\t\t\t<\/div>\n\t\t\t\t<\/a>\n\t\t\t<\/li>\n\t\t\t\t\t<li class=\"elementor-icon-list-item   \">\n\t\t\t\t<a href=\"https:\/\/luciabeach.com\/sv\/spaniens-fastighetsmarknadsprognos-for-2023-vad-kan-man-forvanta-sig-i-lucia-beach\/\" >\n\t\t\t\t\t\t\t\t\t\t<div class=\"ekit_post_list_content_wraper\">\n\t\t\t\t\t\t\t\t\t\t\t\t\t\t\t\t\t\t<div class=\"meta-lists\">\n\t\t\t\t\t\t\t\t\t\t\t\t\t\t<span class=\"meta-date\">\n\n\t\t\t\t\t\t\t\t\n\t\t\t\t\t\t\t\t12 apr 2023\t\t\t\t\t\t\t<\/span>\n\t\t\t\t\t\t\t\n\t\t\t\t\t\t\t\t\t\t\t\t\t<\/div>\n\t\t\t\t\t\t\n\t\t\t\t\t\t<span class=\"elementor-icon-list-text\">Spaniens fastighetsmarknadsprognos f\u00f6r 2023: Vad kan man f\u00f6rv\u00e4nta sig i Luc\u00eda Beach?<\/span>\n\n\t\t\t\t\t\t\t\t\t\t\t<\/div>\n\t\t\t\t<\/a>\n\t\t\t<\/li>\n\t\t\t\t<\/ul>\n\t\t<\/div>\t\t\t\t<\/div>\n\t\t\t\t<\/div>\n\t\t\t\t\t<\/div>\n\t\t<\/div>\n\t\t\t\t\t<\/div>\n\t\t<\/section>\n\t\t\t\t<section class=\"elementor-section elementor-inner-section elementor-element elementor-element-10a162e2 elementor-section-boxed elementor-section-height-default elementor-section-height-default\" data-id=\"10a162e2\" data-element_type=\"section\" data-e-type=\"section\" data-settings=\"{&quot;background_background&quot;:&quot;classic&quot;}\">\n\t\t\t\t\t\t<div class=\"elementor-container elementor-column-gap-default\">\n\t\t\t\t\t<div class=\"elementor-column elementor-col-100 elementor-inner-column elementor-element elementor-element-1784b6ac\" data-id=\"1784b6ac\" data-element_type=\"column\" data-e-type=\"column\">\n\t\t\t<div class=\"elementor-widget-wrap elementor-element-populated\">\n\t\t\t\t\t\t<div class=\"elementor-element elementor-element-58f840a9 elementor-widget elementor-widget-heading\" data-id=\"58f840a9\" data-element_type=\"widget\" data-e-type=\"widget\" data-widget_type=\"heading.default\">\n\t\t\t\t<div class=\"elementor-widget-container\">\n\t\t\t\t\t<h3 class=\"elementor-heading-title elementor-size-default\">Kategorier<\/h3>\t\t\t\t<\/div>\n\t\t\t\t<\/div>\n\t\t\t\t<div class=\"elementor-element elementor-element-b5d314e elementor-widget elementor-widget-elementskit-category-list\" data-id=\"b5d314e\" data-element_type=\"widget\" data-e-type=\"widget\" data-widget_type=\"elementskit-category-list.default\">\n\t\t\t\t<div class=\"elementor-widget-container\">\n\t\t\t\t\t<div class=\"ekit-wid-con\" >\t\t<ul class=\"elementor-icon-list-items\">\n\t\t\t\t\t\t\t<li class=\"elementor-icon-list-item\">\n\t\t\t\t\t<a href=\"https:\/\/luciabeach.com\/category\/mercado-inmobilario\/\" >\n                                                    <span class=\"elementor-icon-list-icon\">\n\t\t\t\t\t\t\t\t<i aria-hidden=\"true\" class=\"fas fa-chevron-right\"><\/i>                            <\/span>\n                                                <span class=\"elementor-icon-list-text\">Mercado inmobilario<\/span>\n\t\t\t\t\t<\/a>\n\t\t\t\t<\/li>\n\t\t\t\t\t\t<\/ul>\n\t\t<\/div>\t\t\t\t<\/div>\n\t\t\t\t<\/div>\n\t\t\t\t\t<\/div>\n\t\t<\/div>\n\t\t\t\t\t<\/div>\n\t\t<\/section>\n\t\t\t\t\t<\/div>\n\t\t<\/div>\n\t\t\t\t\t<\/div>\n\t\t<\/section>\n\t\t\t\t<\/div>\n\t\t","protected":false},"excerpt":{"rendered":"<p>Nyheder Seneste nyheder 12 Abr 2023 \u041f\u0440\u043e\u0433\u043d\u043e\u0437 \u0440\u0438\u043d\u043a\u0443 \u043d\u0435\u0440\u0443\u0445\u043e\u043c\u043e\u0441\u0442\u0456 \u0406\u0441\u043f\u0430\u043d\u0456\u0457 \u043d\u0430 2023 \u0440\u0456\u043a: \u0447\u043e\u0433\u043e \u043e\u0447\u0456\u043a\u0443\u0432\u0430\u0442\u0438 \u043d\u0430 \u043f\u043b\u044f\u0436\u0456 \u041b\u0443\u0441\u0456\u044f? 12 Abr 2023 Spaniens fastighetsmarknadsprognos f\u00f6r 2023: Vad kan man f\u00f6rv\u00e4nta sig i Luc\u00eda Beach? 12 Abr 2023 \u041f\u0440\u043e\u0433\u043d\u043e\u0437 \u0440\u044b\u043d\u043a\u0430 \u043d\u0435\u0434\u0432\u0438\u0436\u0438\u043c\u043e\u0441\u0442\u0438 \u0418\u0441\u043f\u0430\u043d\u0438\u0438 \u043d\u0430 2023 \u0433\u043e\u0434: \u0447\u0435\u0433\u043e \u043e\u0436\u0438\u0434\u0430\u0442\u044c \u043d\u0430 \u043f\u043b\u044f\u0436\u0435 \u041b\u0443\u0441\u0438\u044f? Kategorier Mercado inmobilario<\/p>\n","protected":false},"author":2,"featured_media":0,"parent":0,"menu_order":0,"comment_status":"closed","ping_status":"closed","template":"elementor_header_footer","meta":{"footnotes":""},"class_list":["post-27814","page","type-page","status-publish","hentry"],"_links":{"self":[{"href":"https:\/\/luciabeach.com\/da\/wp-json\/wp\/v2\/pages\/27814","targetHints":{"allow":["GET"]}}],"collection":[{"href":"https:\/\/luciabeach.com\/da\/wp-json\/wp\/v2\/pages"}],"about":[{"href":"https:\/\/luciabeach.com\/da\/wp-json\/wp\/v2\/types\/page"}],"author":[{"embeddable":true,"href":"https:\/\/luciabeach.com\/da\/wp-json\/wp\/v2\/users\/2"}],"replies":[{"embeddable":true,"href":"https:\/\/luciabeach.com\/da\/wp-json\/wp\/v2\/comments?post=27814"}],"version-history":[{"count":3,"href":"https:\/\/luciabeach.com\/da\/wp-json\/wp\/v2\/pages\/27814\/revisions"}],"predecessor-version":[{"id":28274,"href":"https:\/\/luciabeach.com\/da\/wp-json\/wp\/v2\/pages\/27814\/revisions\/28274"}],"wp:attachment":[{"href":"https:\/\/luciabeach.com\/da\/wp-json\/wp\/v2\/media?parent=27814"}],"curies":[{"name":"wp","href":"https:\/\/api.w.org\/{rel}","templated":true}]}}