{"id":27832,"date":"2016-02-02T16:59:47","date_gmt":"2016-02-02T15:59:47","guid":{"rendered":"https:\/\/luciabeach.com\/ahmdesarrollo\/%d0%bd%d0%be%d0%b2%d0%be%d1%81%d1%82%d0%b8\/"},"modified":"2024-08-01T11:51:28","modified_gmt":"2024-08-01T09:51:28","slug":"%d0%bd%d0%be%d0%b2%d0%be%d1%81%d1%82%d0%b8","status":"publish","type":"page","link":"https:\/\/luciabeach.com\/ru\/%d0%bd%d0%be%d0%b2%d0%be%d1%81%d1%82%d0%b8\/","title":{"rendered":"\u041d\u043e\u0432\u043e\u0441\u0442\u0438"},"content":{"rendered":"\t\t<div data-elementor-type=\"wp-page\" data-elementor-id=\"27832\" class=\"elementor elementor-27832 elementor-16260\" data-elementor-post-type=\"page\">\n\t\t\t\t\t\t<section class=\"elementor-section elementor-top-section elementor-element elementor-element-3dfb0e11 elementor-section-boxed elementor-section-height-default elementor-section-height-default\" data-id=\"3dfb0e11\" data-element_type=\"section\" data-e-type=\"section\" data-settings=\"{&quot;background_background&quot;:&quot;classic&quot;}\">\n\t\t\t\t\t\t<div class=\"elementor-container elementor-column-gap-default\">\n\t\t\t\t\t<div class=\"elementor-column elementor-col-100 elementor-top-column elementor-element elementor-element-2731c115\" data-id=\"2731c115\" data-element_type=\"column\" data-e-type=\"column\">\n\t\t\t<div class=\"elementor-widget-wrap elementor-element-populated\">\n\t\t\t\t\t\t<div class=\"elementor-element elementor-element-195e1015 animated-slow elementor-invisible elementor-widget elementor-widget-heading\" data-id=\"195e1015\" data-element_type=\"widget\" data-e-type=\"widget\" data-settings=\"{&quot;_animation&quot;:&quot;fadeInDown&quot;}\" data-widget_type=\"heading.default\">\n\t\t\t\t<div class=\"elementor-widget-container\">\n\t\t\t\t\t<h2 class=\"elementor-heading-title elementor-size-default\">\u041d\u043e\u0432\u043e\u0441\u0442\u0438<\/h2>\t\t\t\t<\/div>\n\t\t\t\t<\/div>\n\t\t\t\t\t<\/div>\n\t\t<\/div>\n\t\t\t\t\t<\/div>\n\t\t<\/section>\n\t\t\t\t<section class=\"elementor-section elementor-top-section elementor-element elementor-element-4479ee26 elementor-section-boxed elementor-section-height-default elementor-section-height-default\" data-id=\"4479ee26\" data-element_type=\"section\" data-e-type=\"section\" data-settings=\"{&quot;background_background&quot;:&quot;classic&quot;}\">\n\t\t\t\t\t\t<div class=\"elementor-container elementor-column-gap-default\">\n\t\t\t\t\t<div class=\"elementor-column elementor-col-50 elementor-top-column elementor-element elementor-element-44bc7653\" data-id=\"44bc7653\" data-element_type=\"column\" data-e-type=\"column\">\n\t\t\t<div class=\"elementor-widget-wrap elementor-element-populated\">\n\t\t\t\t\t\t<div class=\"elementor-element elementor-element-676f618 elementor-grid-1 elementor-grid-tablet-2 elementor-grid-mobile-1 elementor-posts--thumbnail-top elementor-card-shadow-yes elementor-posts__hover-gradient elementor-widget elementor-widget-posts\" data-id=\"676f618\" data-element_type=\"widget\" data-e-type=\"widget\" data-settings=\"{&quot;cards_columns&quot;:&quot;1&quot;,&quot;cards_columns_tablet&quot;:&quot;2&quot;,&quot;cards_columns_mobile&quot;:&quot;1&quot;,&quot;cards_row_gap&quot;:{&quot;unit&quot;:&quot;px&quot;,&quot;size&quot;:35,&quot;sizes&quot;:[]},&quot;cards_row_gap_laptop&quot;:{&quot;unit&quot;:&quot;px&quot;,&quot;size&quot;:&quot;&quot;,&quot;sizes&quot;:[]},&quot;cards_row_gap_tablet&quot;:{&quot;unit&quot;:&quot;px&quot;,&quot;size&quot;:&quot;&quot;,&quot;sizes&quot;:[]},&quot;cards_row_gap_mobile&quot;:{&quot;unit&quot;:&quot;px&quot;,&quot;size&quot;:&quot;&quot;,&quot;sizes&quot;:[]}}\" data-widget_type=\"posts.cards\">\n\t\t\t\t<div class=\"elementor-widget-container\">\n\t\t\t\t\t\t\t<div class=\"elementor-posts-container elementor-posts elementor-posts--skin-cards elementor-grid\" role=\"list\">\n\t\t\t\t<article class=\"elementor-post elementor-grid-item post-27858 post type-post status-publish format-standard has-post-thumbnail hentry category-661\" role=\"listitem\">\n\t\t\t<div class=\"elementor-post__card\">\n\t\t\t\t<a class=\"elementor-post__thumbnail__link\" href=\"https:\/\/luciabeach.com\/ru\/%d0%bf%d1%80%d0%be%d0%b3%d0%bd%d0%be%d0%b7-%d1%80%d1%8b%d0%bd%d0%ba%d0%b0-%d0%bd%d0%b5%d0%b4%d0%b2%d0%b8%d0%b6%d0%b8%d0%bc%d0%be%d1%81%d1%82%d0%b8-%d0%b8%d1%81%d0%bf%d0%b0%d0%bd%d0%b8%d0%b8-%d0%bd\/\" tabindex=\"-1\" ><div class=\"elementor-post__thumbnail\"><img fetchpriority=\"high\" decoding=\"async\" width=\"300\" height=\"200\" src=\"https:\/\/luciabeach.com\/wp-content\/uploads\/2023\/04\/mercado-inmobilario-2023-espana-300x200.jpg\" class=\"attachment-medium size-medium wp-image-19690\" alt=\"mercado inmobilario 2023 espa\u00f1a\" srcset=\"https:\/\/luciabeach.com\/wp-content\/uploads\/2023\/04\/mercado-inmobilario-2023-espana-300x200.jpg 300w, https:\/\/luciabeach.com\/wp-content\/uploads\/2023\/04\/mercado-inmobilario-2023-espana-768x512.jpg 768w, https:\/\/luciabeach.com\/wp-content\/uploads\/2023\/04\/mercado-inmobilario-2023-espana-496x330.jpg 496w, https:\/\/luciabeach.com\/wp-content\/uploads\/2023\/04\/mercado-inmobilario-2023-espana-600x400.jpg 600w, https:\/\/luciabeach.com\/wp-content\/uploads\/2023\/04\/mercado-inmobilario-2023-espana.jpg 800w\" sizes=\"(max-width: 300px) 100vw, 300px\" \/><\/div><\/a>\n\t\t\t\t<div class=\"elementor-post__badge\">\u0420\u044b\u043d\u043e\u043a \u043d\u0435\u0434\u0432\u0438\u0436\u0438\u043c\u043e\u0441\u0442\u0438<\/div>\n\t\t\t\t<div class=\"elementor-post__text\">\n\t\t\t\t<h3 class=\"elementor-post__title\">\n\t\t\t<a href=\"https:\/\/luciabeach.com\/ru\/%d0%bf%d1%80%d0%be%d0%b3%d0%bd%d0%be%d0%b7-%d1%80%d1%8b%d0%bd%d0%ba%d0%b0-%d0%bd%d0%b5%d0%b4%d0%b2%d0%b8%d0%b6%d0%b8%d0%bc%d0%be%d1%81%d1%82%d0%b8-%d0%b8%d1%81%d0%bf%d0%b0%d0%bd%d0%b8%d0%b8-%d0%bd\/\" >\n\t\t\t\t\u041f\u0440\u043e\u0433\u043d\u043e\u0437 \u0440\u044b\u043d\u043a\u0430 \u043d\u0435\u0434\u0432\u0438\u0436\u0438\u043c\u043e\u0441\u0442\u0438 \u0418\u0441\u043f\u0430\u043d\u0438\u0438 \u043d\u0430 2023 \u0433\u043e\u0434: \u0447\u0435\u0433\u043e \u043e\u0436\u0438\u0434\u0430\u0442\u044c \u043d\u0430 \u043f\u043b\u044f\u0436\u0435 \u041b\u0443\u0441\u0438\u044f?\t\t\t<\/a>\n\t\t<\/h3>\n\t\t\t\t<div class=\"elementor-post__excerpt\">\n\t\t\t<p>\u0420\u044b\u043d\u043e\u043a \u043d\u0435\u0434\u0432\u0438\u0436\u0438\u043c\u043e\u0441\u0442\u0438 \u0418\u0441\u043f\u0430\u043d\u0438\u0438 \u043f\u0440\u0435\u0442\u0435\u0440\u043f\u0435\u043b \u0437\u043d\u0430\u0447\u0438\u0442\u0435\u043b\u044c\u043d\u044b\u0435 \u0438\u0437\u043c\u0435\u043d\u0435\u043d\u0438\u044f \u0437\u0430 \u043f\u043e\u0441\u043b\u0435\u0434\u043d\u0438\u0435 \u0433\u043e\u0434\u044b, \u0438 2023 \u0433\u043e\u0434 \u043d\u0435 \u0441\u0442\u0430\u043d\u0435\u0442 \u0438\u0441\u043a\u043b\u044e\u0447\u0435\u043d\u0438\u0435\u043c. \u041f\u0430\u043d\u0434\u0435\u043c\u0438\u044f COVID-19 \u043d\u0430\u043b\u043e\u0436\u0438\u043b\u0430 \u0441\u0432\u043e\u0439 \u043e\u0442\u043f\u0435\u0447\u0430\u0442\u043e\u043a \u043d\u0430 \u0441\u0435\u043a\u0442\u043e\u0440, \u043d\u043e \u043f\u0435\u0440\u0441\u043f\u0435\u043a\u0442\u0438\u0432\u044b \u0435\u0433\u043e<\/p>\n\t\t<\/div>\n\t\t\n\t\t<a class=\"elementor-post__read-more\" href=\"https:\/\/luciabeach.com\/ru\/%d0%bf%d1%80%d0%be%d0%b3%d0%bd%d0%be%d0%b7-%d1%80%d1%8b%d0%bd%d0%ba%d0%b0-%d0%bd%d0%b5%d0%b4%d0%b2%d0%b8%d0%b6%d0%b8%d0%bc%d0%be%d1%81%d1%82%d0%b8-%d0%b8%d1%81%d0%bf%d0%b0%d0%bd%d0%b8%d0%b8-%d0%bd\/\" aria-label=\"Read more about \u041f\u0440\u043e\u0433\u043d\u043e\u0437 \u0440\u044b\u043d\u043a\u0430 \u043d\u0435\u0434\u0432\u0438\u0436\u0438\u043c\u043e\u0441\u0442\u0438 \u0418\u0441\u043f\u0430\u043d\u0438\u0438 \u043d\u0430 2023 \u0433\u043e\u0434: \u0447\u0435\u0433\u043e \u043e\u0436\u0438\u0434\u0430\u0442\u044c \u043d\u0430 \u043f\u043b\u044f\u0436\u0435 \u041b\u0443\u0441\u0438\u044f?\" tabindex=\"-1\" >\n\t\t\t\u0427\u0438\u0442\u0430\u0442\u044c \u0434\u0430\u043b\u0435\u0435 \"\t\t<\/a>\n\n\t\t\t\t<\/div>\n\t\t\t\t<div class=\"elementor-post__meta-data\">\n\t\t\t\t\t<span class=\"elementor-post-date\">\n\t\t\t12.04.2023\t\t<\/span>\n\t\t\t\t<\/div>\n\t\t\t\t\t<\/div>\n\t\t<\/article>\n\t\t\t\t<\/div>\n\t\t\n\t\t\t\t\t\t<\/div>\n\t\t\t\t<\/div>\n\t\t\t\t\t<\/div>\n\t\t<\/div>\n\t\t\t\t<div class=\"elementor-column elementor-col-50 elementor-top-column elementor-element elementor-element-2966c2f\" data-id=\"2966c2f\" data-element_type=\"column\" data-e-type=\"column\">\n\t\t\t<div class=\"elementor-widget-wrap elementor-element-populated\">\n\t\t\t\t\t\t<section class=\"elementor-section elementor-inner-section elementor-element elementor-element-14e47a47 elementor-section-boxed elementor-section-height-default elementor-section-height-default\" data-id=\"14e47a47\" data-element_type=\"section\" data-e-type=\"section\" data-settings=\"{&quot;background_background&quot;:&quot;classic&quot;}\">\n\t\t\t\t\t\t<div class=\"elementor-container elementor-column-gap-default\">\n\t\t\t\t\t<div class=\"elementor-column elementor-col-100 elementor-inner-column elementor-element elementor-element-4059865e\" data-id=\"4059865e\" data-element_type=\"column\" data-e-type=\"column\">\n\t\t\t<div class=\"elementor-widget-wrap elementor-element-populated\">\n\t\t\t\t\t\t<div class=\"elementor-element elementor-element-5aa4d864 elementor-widget elementor-widget-heading\" data-id=\"5aa4d864\" data-element_type=\"widget\" data-e-type=\"widget\" data-widget_type=\"heading.default\">\n\t\t\t\t<div class=\"elementor-widget-container\">\n\t\t\t\t\t<h3 class=\"elementor-heading-title elementor-size-default\">\u041f\u043e\u0441\u043b\u0435\u0434\u043d\u0438\u0435 \u043d\u043e\u0432\u043e\u0441\u0442\u0438<\/h3>\t\t\t\t<\/div>\n\t\t\t\t<\/div>\n\t\t\t\t<div class=\"elementor-element elementor-element-69316393 elementor-widget elementor-widget-elementskit-post-list\" data-id=\"69316393\" data-element_type=\"widget\" data-e-type=\"widget\" data-widget_type=\"elementskit-post-list.default\">\n\t\t\t\t<div class=\"elementor-widget-container\">\n\t\t\t\t\t<div class=\"ekit-wid-con\" >\t\t<ul class=\"elementor-icon-list-items ekit-post-list-wrapper \">\n\t\t\t\t\t\t<li class=\"elementor-icon-list-item   \">\n\t\t\t\t<a href=\"https:\/\/luciabeach.com\/sunway-signatures-villas-in-pilar-de-la-horadada-seo\/\" >\n\t\t\t\t\t\t\t\t\t\t<div class=\"ekit_post_list_content_wraper\">\n\t\t\t\t\t\t\t\t\t\t\t\t\t\t\t\t\t\t<div class=\"meta-lists\">\n\t\t\t\t\t\t\t\t\t\t\t\t\t\t<span class=\"meta-date\">\n\n\t\t\t\t\t\t\t\t\n\t\t\t\t\t\t\t\t22 \u041c\u0430\u0440 2026\t\t\t\t\t\t\t<\/span>\n\t\t\t\t\t\t\t\n\t\t\t\t\t\t\t\t\t\t\t\t\t<\/div>\n\t\t\t\t\t\t\n\t\t\t\t\t\t<span class=\"elementor-icon-list-text\">SUNWAY SIGNATURES VILLAS IN PILAR DE LA HORADADA.SEO<\/span>\n\n\t\t\t\t\t\t\t\t\t\t\t<\/div>\n\t\t\t\t<\/a>\n\t\t\t<\/li>\n\t\t\t\t\t<li class=\"elementor-icon-list-item   \">\n\t\t\t\t<a href=\"https:\/\/luciabeach.com\/uk\/%d0%bf%d1%80%d0%be%d0%b3%d0%bd%d0%be%d0%b7-%d1%80%d0%b8%d0%bd%d0%ba%d1%83-%d0%bd%d0%b5%d1%80%d1%83%d1%85%d0%be%d0%bc%d0%be%d1%81%d1%82%d1%96-%d1%96%d1%81%d0%bf%d0%b0%d0%bd%d1%96%d1%97-%d0%bd%d0%b0-202\/\" >\n\t\t\t\t\t\t\t\t\t\t<div class=\"ekit_post_list_content_wraper\">\n\t\t\t\t\t\t\t\t\t\t\t\t\t\t\t\t\t\t<div class=\"meta-lists\">\n\t\t\t\t\t\t\t\t\t\t\t\t\t\t<span class=\"meta-date\">\n\n\t\t\t\t\t\t\t\t\n\t\t\t\t\t\t\t\t12 \u0410\u043f\u0440 2023\t\t\t\t\t\t\t<\/span>\n\t\t\t\t\t\t\t\n\t\t\t\t\t\t\t\t\t\t\t\t\t<\/div>\n\t\t\t\t\t\t\n\t\t\t\t\t\t<span class=\"elementor-icon-list-text\">\u041f\u0440\u043e\u0433\u043d\u043e\u0437 \u0440\u0438\u043d\u043a\u0443 \u043d\u0435\u0440\u0443\u0445\u043e\u043c\u043e\u0441\u0442\u0456 \u0406\u0441\u043f\u0430\u043d\u0456\u0457 \u043d\u0430 2023 \u0440\u0456\u043a: \u0447\u043e\u0433\u043e \u043e\u0447\u0456\u043a\u0443\u0432\u0430\u0442\u0438 \u043d\u0430 \u043f\u043b\u044f\u0436\u0456 \u041b\u0443\u0441\u0456\u044f?<\/span>\n\n\t\t\t\t\t\t\t\t\t\t\t<\/div>\n\t\t\t\t<\/a>\n\t\t\t<\/li>\n\t\t\t\t\t<li class=\"elementor-icon-list-item   \">\n\t\t\t\t<a href=\"https:\/\/luciabeach.com\/sv\/spaniens-fastighetsmarknadsprognos-for-2023-vad-kan-man-forvanta-sig-i-lucia-beach\/\" >\n\t\t\t\t\t\t\t\t\t\t<div class=\"ekit_post_list_content_wraper\">\n\t\t\t\t\t\t\t\t\t\t\t\t\t\t\t\t\t\t<div class=\"meta-lists\">\n\t\t\t\t\t\t\t\t\t\t\t\t\t\t<span class=\"meta-date\">\n\n\t\t\t\t\t\t\t\t\n\t\t\t\t\t\t\t\t12 \u0410\u043f\u0440 2023\t\t\t\t\t\t\t<\/span>\n\t\t\t\t\t\t\t\n\t\t\t\t\t\t\t\t\t\t\t\t\t<\/div>\n\t\t\t\t\t\t\n\t\t\t\t\t\t<span class=\"elementor-icon-list-text\">Spaniens fastighetsmarknadsprognos f\u00f6r 2023: Vad kan man f\u00f6rv\u00e4nta sig i Luc\u00eda Beach?<\/span>\n\n\t\t\t\t\t\t\t\t\t\t\t<\/div>\n\t\t\t\t<\/a>\n\t\t\t<\/li>\n\t\t\t\t<\/ul>\n\t\t<\/div>\t\t\t\t<\/div>\n\t\t\t\t<\/div>\n\t\t\t\t\t<\/div>\n\t\t<\/div>\n\t\t\t\t\t<\/div>\n\t\t<\/section>\n\t\t\t\t<section class=\"elementor-section elementor-inner-section elementor-element elementor-element-10a162e2 elementor-section-boxed elementor-section-height-default elementor-section-height-default\" data-id=\"10a162e2\" data-element_type=\"section\" data-e-type=\"section\" data-settings=\"{&quot;background_background&quot;:&quot;classic&quot;}\">\n\t\t\t\t\t\t<div class=\"elementor-container elementor-column-gap-default\">\n\t\t\t\t\t<div class=\"elementor-column elementor-col-100 elementor-inner-column elementor-element elementor-element-1784b6ac\" data-id=\"1784b6ac\" data-element_type=\"column\" data-e-type=\"column\">\n\t\t\t<div class=\"elementor-widget-wrap elementor-element-populated\">\n\t\t\t\t\t\t<div class=\"elementor-element elementor-element-58f840a9 elementor-widget elementor-widget-heading\" data-id=\"58f840a9\" data-element_type=\"widget\" data-e-type=\"widget\" data-widget_type=\"heading.default\">\n\t\t\t\t<div class=\"elementor-widget-container\">\n\t\t\t\t\t<h3 class=\"elementor-heading-title elementor-size-default\">\u041a\u0430\u0442\u0435\u0433\u043e\u0440\u0438\u0438<\/h3>\t\t\t\t<\/div>\n\t\t\t\t<\/div>\n\t\t\t\t<div class=\"elementor-element elementor-element-b5d314e elementor-widget elementor-widget-elementskit-category-list\" data-id=\"b5d314e\" data-element_type=\"widget\" data-e-type=\"widget\" data-widget_type=\"elementskit-category-list.default\">\n\t\t\t\t<div class=\"elementor-widget-container\">\n\t\t\t\t\t<div class=\"ekit-wid-con\" >\t\t<ul class=\"elementor-icon-list-items\">\n\t\t\t\t\t\t\t<li class=\"elementor-icon-list-item\">\n\t\t\t\t\t<a href=\"https:\/\/luciabeach.com\/category\/mercado-inmobilario\/\" >\n                                                    <span class=\"elementor-icon-list-icon\">\n\t\t\t\t\t\t\t\t<i aria-hidden=\"true\" class=\"fas fa-chevron-right\"><\/i>                            <\/span>\n                                                <span class=\"elementor-icon-list-text\">Mercado inmobilario<\/span>\n\t\t\t\t\t<\/a>\n\t\t\t\t<\/li>\n\t\t\t\t\t\t<\/ul>\n\t\t<\/div>\t\t\t\t<\/div>\n\t\t\t\t<\/div>\n\t\t\t\t\t<\/div>\n\t\t<\/div>\n\t\t\t\t\t<\/div>\n\t\t<\/section>\n\t\t\t\t\t<\/div>\n\t\t<\/div>\n\t\t\t\t\t<\/div>\n\t\t<\/section>\n\t\t\t\t<\/div>\n\t\t","protected":false},"excerpt":{"rendered":"<p>\u041d\u043e\u0432\u043e\u0441\u0442\u0438 \u041f\u043e\u0441\u043b\u0435\u0434\u043d\u0438\u0435 \u043d\u043e\u0432\u043e\u0441\u0442\u0438 12 Abr 2023 Previsiones del mercado inmobiliario en Espa\u00f1a para 2023: \u00bfQu\u00e9 esperar en Luc\u00eda Beach? \u041a\u0430\u0442\u0435\u0433\u043e\u0440\u0438\u0438 Mercado inmobilario<\/p>\n","protected":false},"author":2,"featured_media":0,"parent":0,"menu_order":0,"comment_status":"closed","ping_status":"closed","template":"elementor_header_footer","meta":{"footnotes":""},"class_list":["post-27832","page","type-page","status-publish","hentry"],"_links":{"self":[{"href":"https:\/\/luciabeach.com\/ru\/wp-json\/wp\/v2\/pages\/27832","targetHints":{"allow":["GET"]}}],"collection":[{"href":"https:\/\/luciabeach.com\/ru\/wp-json\/wp\/v2\/pages"}],"about":[{"href":"https:\/\/luciabeach.com\/ru\/wp-json\/wp\/v2\/types\/page"}],"author":[{"embeddable":true,"href":"https:\/\/luciabeach.com\/ru\/wp-json\/wp\/v2\/users\/2"}],"replies":[{"embeddable":true,"href":"https:\/\/luciabeach.com\/ru\/wp-json\/wp\/v2\/comments?post=27832"}],"version-history":[{"count":1,"href":"https:\/\/luciabeach.com\/ru\/wp-json\/wp\/v2\/pages\/27832\/revisions"}],"predecessor-version":[{"id":27833,"href":"https:\/\/luciabeach.com\/ru\/wp-json\/wp\/v2\/pages\/27832\/revisions\/27833"}],"wp:attachment":[{"href":"https:\/\/luciabeach.com\/ru\/wp-json\/wp\/v2\/media?parent=27832"}],"curies":[{"name":"wp","href":"https:\/\/api.w.org\/{rel}","templated":true}]}}